{"id":3637,"date":"2026-04-06T12:13:18","date_gmt":"2026-04-06T12:13:18","guid":{"rendered":"https:\/\/agriconcept.am\/?post_type=product&#038;p=3637"},"modified":"2026-04-08T09:01:50","modified_gmt":"2026-04-08T09:01:50","slug":"pasteurizer-ph-100-ez","status":"publish","type":"product","link":"https:\/\/agriconcept.am\/am\/product\/pasteurizer-ph-100-ez\/","title":{"rendered":"\u053f\u0561\u0569\u056b \u0565\u0580\u056f\u0561\u0580\u0561\u057f\u0587 \u057a\u0561\u057d\u057f\u0565\u0580\u0561\u0581\u0574\u0561\u0576 \u057e\u0561\u0576\u0576\u0561"},"content":{"rendered":"","protected":false},"excerpt":{"rendered":"<ul>\n<li data-start=\"55\" data-end=\"74\">\u054f\u0561\u0580\u0578\u0572\u0578\u0582\u0569\u0575\u0578\u0582\u0576\u0568\u055d 100 \u056c<\/li>\n<li data-start=\"75\" data-end=\"152\">\u0532\u0578\u056c\u0578\u0580\u0568 \u0574\u0565\u056f\u0578\u0582\u0574\u055d \u056f\u0561\u0569\u056b \u057a\u0561\u057d\u057f\u0565\u0580\u056b\u0566\u0561\u057f\u0578\u0580, \u057a\u0561\u0576\u0580\u056b \u057e\u0561\u0576\u0576\u0561, \u056f\u0561\u0569\u056b \u057a\u0561\u0572\u0565\u0581\u0578\u0582\u0581\u056b\u0579 \u0587 \u0586\u0565\u0580\u0574\u0565\u0576\u057f\u0561\u057f\u0578\u0580:<\/li>\n<li data-start=\"153\" data-end=\"196\">\u054a\u0561\u057d\u057f\u0565\u0580\u0561\u0581\u0574\u0561\u0576 \u057b\u0565\u0580\u0574\u0561\u057d\u057f\u056b\u0573\u0561\u0576\u0568 \u055d 100 \u00b0C<\/li>\n<li data-start=\"197\" data-end=\"233\">\u054d\u0561\u057c\u0565\u0581\u0574\u0561\u0576 \u057b\u0565\u0580\u0574\u0561\u057d\u057f\u056b\u0573\u0561\u0576\u0568 \u055d 4 \u00b0C<\/li>\n<li data-start=\"234\" data-end=\"278\">\u0546\u0575\u0578\u0582\u0569\u0568\u055d \u0579\u056a\u0561\u0576\u0563\u0578\u057f\u057e\u0578\u0572 \u057a\u0578\u0572\u057a\u0561\u057f (AISI 304\/316)<\/li>\n<li data-start=\"279\" data-end=\"320\">\u0546\u0565\u0580\u056f\u0561\u057c\u0578\u0582\u0581\u057e\u0561\u056e \u057b\u0565\u057c\u0578\u0582\u0581\u0574\u0561\u0576 \u057f\u0565\u0576\u0565\u0580\u056b \u0570\u0561\u0574\u0561\u056f\u0561\u0580\u0563\u056b \u0574\u056b\u057b\u0578\u0581\u0578\u057e \u057f\u0561\u0584\u0561\u0581\u0578\u0582\u0574<\/li>\n<li data-start=\"321\" data-end=\"352\">\u053f\u0561\u0569\u056b \u0565\u056c\u0584\u0578\u057e \u0587 DN65 \u0583\u0561\u056f\u0561\u0576\u0578\u057e<\/li>\n<li data-start=\"353\" data-end=\"376\">\u0540\u056b\u0574\u0576\u0561\u056f\u0561\u0576 \u057a\u057f\u0578\u0582\u057f\u0561\u056f\u0561\u0575\u056b\u0576 \u056d\u0561\u057c\u0576\u056b\u0579<\/li>\n<li data-start=\"377\" data-end=\"400\">\u054a\u0561\u0576\u0580\u0561\u0570\u0561\u057f\u056b\u056f\u056b \u056f\u057f\u0580\u0578\u0572 \u0570\u0561\u0574\u0561\u056f\u0561\u0580\u0563<\/li>\n<li data-start=\"401\" data-end=\"421\">\u0554\u0565\u0580\u056b\u0579 \u056d\u0561\u057c\u0576\u056b\u0579<\/li>\n<li data-start=\"422\" data-end=\"468\">\u054d\u0561\u057c\u0565\u0581\u0574\u0561\u0576 \u0561\u0563\u0580\u0565\u0563\u0561\u057f, \u0585\u0564\u0578\u057e \u057d\u0561\u057c\u0565\u0581\u057e\u0561\u056e \u056f\u0578\u0576\u0564\u0565\u0576\u057d\u0561\u057f\u0578\u0580<\/li>\n<li data-start=\"469\" data-end=\"501\">\u054b\u0565\u057c\u0578\u0582\u0581\u0574\u0561\u0576 \u057f\u0565\u0576\u056b \u0570\u0566\u0578\u0580\u0578\u0582\u0569\u0575\u0578\u0582\u0576\u0568\u055d 10 \u053f\u054e\u057f<\/li>\n<li data-start=\"502\" data-end=\"543\">\u0537\u056c\u0565\u056f\u057f\u0580\u0561\u0574\u0561\u057f\u0561\u056f\u0561\u0580\u0561\u0580\u0578\u0582\u0574` 400V 3N 50Hz, 10.5 kW<\/li>\n<li data-start=\"544\" data-end=\"611\">\u054b\u0580\u056b \u0577\u0580\u057b\u0561\u0576\u0561\u057c\u0578\u0582\u0569\u0575\u0561\u0576 \u057a\u0578\u0574\u057a \u057f\u0561\u0584\u0561\u0581\u0574\u0561\u0576 \u056f\u0561\u0574 \u0570\u0578\u057e\u0561\u0581\u0574\u0561\u0576 \u057b\u0580\u056b \u0577\u0580\u057b\u0561\u0576\u0561\u057c\u0578\u0582\u0569\u0575\u0561\u0576 \u0570\u0561\u0574\u0561\u0580<\/li>\n<li data-start=\"612\" data-end=\"652\">\u0539\u0565\u0584\u0578\u0582\u0569\u0575\u0561\u0574\u0562 \u0564\u0565\u057a\u056b \u0561\u0580\u057f\u0561\u0570\u0578\u057d\u0584\u0568<\/li>\n<li data-start=\"653\" data-end=\"674\">\u0531\u0576\u056b\u057e\u0576\u0565\u0580\u056b \u057e\u0580\u0561 \u0570\u0565\u0576\u0561\u0580\u0561\u0576<\/li>\n<li data-start=\"675\" data-end=\"759\">\u0549\u0561\u0583\u0565\u0580\u0568 (LxWxH)\u055d 840x780x1190 \u0574\u0574, \u0562\u0561\u0580\u0571\u0580\u0578\u0582\u0569\u0575\u0578\u0582\u0576\u0568 \u0570\u0561\u057f\u0561\u056f\u056b\u0581 \u0574\u056b\u0576\u0579\u0587 \u0561\u0580\u057f\u0561\u0570\u0578\u057d\u0584 750 \u0574\u0574<\/li>\n<li data-start=\"760\" data-end=\"901\">\u053f\u0561\u057c\u0561\u057e\u0561\u0580\u0574\u0561\u0576 \u057e\u0561\u0570\u0561\u0576\u0561\u056f \u057d\u0565\u0576\u057d\u0578\u0580\u0561\u0575\u056b\u0576 \u0567\u056f\u0580\u0561\u0576\u0578\u057e MC 500 \u057a\u0580\u0578\u0581\u0565\u057d\u0578\u0580\u0578\u057e \u057f\u0561\u0584\u0561\u0581\u0574\u0561\u0576 \u0587 \u057a\u0561\u0572\u0565\u0581\u0574\u0561\u0576 \u0561\u057e\u057f\u0578\u0574\u0561\u057f \u056f\u0561\u0580\u0563\u0561\u057e\u0578\u0580\u0574\u0561\u0576 \u0570\u0561\u0574\u0561\u0580, 5 \u0564\u0575\u0578\u0582\u0575\u0574\u0561\u0576\u0578\u0581 \u057d\u0565\u0576\u057d\u0578\u0580\u0561\u0575\u056b\u0576 \u0567\u056f\u0580\u0561\u0576 (\u056c\u0578\u0582\u056e\u0561\u0579\u0561\u0583\u055d 480\u00d7272)<\/li>\n<li data-start=\"902\" data-end=\"931\">\u054a\u0561\u0576\u0580\u0561\u0570\u0561\u057f\u056b\u056f\u056b \u0581\u0561\u0576\u0581 900 x 175 \u0574\u0574<\/li>\n<li data-start=\"581\" data-end=\"618\">\u0531\u0580\u057f\u0561\u0564\u0580\u057e\u0561\u056e \u0567 PLEVNIK, \u054d\u056c\u0578\u057e\u0565\u0576\u056b\u0561<\/li>\n<\/ul>","protected":false},"featured_media":3638,"template":"","meta":{"jetpack_publicize_message":"","jetpack_publicize_feature_enabled":true,"jetpack_social_post_already_shared":true,"jetpack_social_options":{"image_generator_settings":{"template":"highway","default_image_id":0,"font":"","enabled":false},"version":2},"_wpas_customize_per_network":false},"product_brand":[139],"product_cat":[40,31,66],"product_tag":[],"class_list":{"0":"post-3637","1":"product","2":"type-product","3":"status-publish","4":"has-post-thumbnail","6":"product_brand-plevnik","7":"product_cat-milk-equipment","8":"product_cat-milk-processing","9":"product_cat-milk-processing-equipment","11":"first","12":"instock","13":"shipping-taxable","14":"product-type-simple"},"yoast_head":"<!-- This site is optimized with the Yoast SEO plugin v27.5 - https:\/\/yoast.com\/product\/yoast-seo-wordpress\/ -->\n<title>Pasteurizer PH 100 EZ - Agriconcept<\/title>\n<meta name=\"robots\" content=\"index, follow, max-snippet:-1, max-image-preview:large, max-video-preview:-1\" \/>\n<link rel=\"canonical\" href=\"https:\/\/agriconcept.am\/am\/product\/pasteurizer-ph-100-ez\/\" \/>\n<meta property=\"og:locale\" content=\"en_US\" \/>\n<meta property=\"og:type\" content=\"article\" \/>\n<meta property=\"og:title\" content=\"Pasteurizer PH 100 EZ - Agriconcept\" \/>\n<meta property=\"og:description\" content=\"Capacity: 100 L  All-in-one unit: milk pasteurizer, cheese vat, milk cooler, and fermenter  Pasteurization temperature: up to 100\u00b0C  Cooling temperature: down to 4\u00b0C  Material: stainless steel (AISI 304\/316)  Heating via built-in heating elements  Milk outlet with DN65 valve  Main screw agitator  Curd cutting system  Scraper agitator  Cooling \u0430\u0433\u0440\u0435\u0433ate with air-cooled condenser  Heating element power: 10 kW  Power supply: 400V, 3N, 50Hz, 10.5 kW  Water circulation pump for heating or cooling water circulation  Sloped design for efficient drainage  Mounted on wheels  Dimensions (L \u00d7 W \u00d7 H): 840 \u00d7 780 \u00d7 1190 mm; height from floor to outlet: 750 mm  Control panel with touchscreen and MC 500 processor for automatic heating and cooling control; 5-inch touchscreen (resolution: 480 \u00d7 272)  Cheese grid 900 \u00d7 175 mm  Manufactured by PLEVNIK, Slovenia\" \/>\n<meta property=\"og:url\" content=\"https:\/\/agriconcept.am\/am\/product\/pasteurizer-ph-100-ez\/\" \/>\n<meta property=\"og:site_name\" content=\"Agriconcept\" \/>\n<meta property=\"article:modified_time\" content=\"2026-04-08T09:01:50+00:00\" \/>\n<meta property=\"og:image\" content=\"https:\/\/agriconcept.am\/wp-content\/uploads\/2026\/04\/plevnik-2.jpg\" \/>\n\t<meta property=\"og:image:width\" content=\"720\" \/>\n\t<meta property=\"og:image:height\" content=\"720\" \/>\n\t<meta property=\"og:image:type\" content=\"image\/jpeg\" \/>\n<meta name=\"twitter:card\" content=\"summary_large_image\" \/>\n<meta name=\"twitter:label1\" content=\"Est. reading time\" \/>\n\t<meta name=\"twitter:data1\" content=\"1 minute\" \/>\n<script type=\"application\/ld+json\" class=\"yoast-schema-graph\">{\"@context\":\"https:\\\/\\\/schema.org\",\"@graph\":[{\"@type\":\"WebPage\",\"@id\":\"https:\\\/\\\/agriconcept.am\\\/product\\\/pasteurizer-ph-100-ez\\\/\",\"url\":\"https:\\\/\\\/agriconcept.am\\\/product\\\/pasteurizer-ph-100-ez\\\/\",\"name\":\"Pasteurizer PH 100 EZ - Agriconcept\",\"isPartOf\":{\"@id\":\"https:\\\/\\\/agriconcept.am\\\/#website\"},\"primaryImageOfPage\":{\"@id\":\"https:\\\/\\\/agriconcept.am\\\/product\\\/pasteurizer-ph-100-ez\\\/#primaryimage\"},\"image\":{\"@id\":\"https:\\\/\\\/agriconcept.am\\\/product\\\/pasteurizer-ph-100-ez\\\/#primaryimage\"},\"thumbnailUrl\":\"https:\\\/\\\/i0.wp.com\\\/agriconcept.am\\\/wp-content\\\/uploads\\\/2026\\\/04\\\/plevnik-2.jpg?fit=720%2C720&ssl=1\",\"datePublished\":\"2026-04-06T12:13:18+00:00\",\"dateModified\":\"2026-04-08T09:01:50+00:00\",\"breadcrumb\":{\"@id\":\"https:\\\/\\\/agriconcept.am\\\/product\\\/pasteurizer-ph-100-ez\\\/#breadcrumb\"},\"inLanguage\":\"hy-AM\",\"potentialAction\":[{\"@type\":\"ReadAction\",\"target\":[\"https:\\\/\\\/agriconcept.am\\\/product\\\/pasteurizer-ph-100-ez\\\/\"]}]},{\"@type\":\"ImageObject\",\"inLanguage\":\"hy-AM\",\"@id\":\"https:\\\/\\\/agriconcept.am\\\/product\\\/pasteurizer-ph-100-ez\\\/#primaryimage\",\"url\":\"https:\\\/\\\/i0.wp.com\\\/agriconcept.am\\\/wp-content\\\/uploads\\\/2026\\\/04\\\/plevnik-2.jpg?fit=720%2C720&ssl=1\",\"contentUrl\":\"https:\\\/\\\/i0.wp.com\\\/agriconcept.am\\\/wp-content\\\/uploads\\\/2026\\\/04\\\/plevnik-2.jpg?fit=720%2C720&ssl=1\",\"width\":720,\"height\":720},{\"@type\":\"BreadcrumbList\",\"@id\":\"https:\\\/\\\/agriconcept.am\\\/product\\\/pasteurizer-ph-100-ez\\\/#breadcrumb\",\"itemListElement\":[{\"@type\":\"ListItem\",\"position\":1,\"name\":\"Home\",\"item\":\"https:\\\/\\\/agriconcept.am\\\/\"},{\"@type\":\"ListItem\",\"position\":2,\"name\":\"Products\",\"item\":\"https:\\\/\\\/agriconcept.am\\\/products\\\/\"},{\"@type\":\"ListItem\",\"position\":3,\"name\":\"Pasteurizer PH 100 EZ\"}]},{\"@type\":\"WebSite\",\"@id\":\"https:\\\/\\\/agriconcept.am\\\/#website\",\"url\":\"https:\\\/\\\/agriconcept.am\\\/\",\"name\":\"Agriconcept\",\"description\":\"Agro Solutions\",\"publisher\":{\"@id\":\"https:\\\/\\\/agriconcept.am\\\/#organization\"},\"potentialAction\":[{\"@type\":\"SearchAction\",\"target\":{\"@type\":\"EntryPoint\",\"urlTemplate\":\"https:\\\/\\\/agriconcept.am\\\/?s={search_term_string}\"},\"query-input\":{\"@type\":\"PropertyValueSpecification\",\"valueRequired\":true,\"valueName\":\"search_term_string\"}}],\"inLanguage\":\"hy-AM\"},{\"@type\":\"Organization\",\"@id\":\"https:\\\/\\\/agriconcept.am\\\/#organization\",\"name\":\"Agriconcept\",\"url\":\"https:\\\/\\\/agriconcept.am\\\/\",\"logo\":{\"@type\":\"ImageObject\",\"inLanguage\":\"hy-AM\",\"@id\":\"https:\\\/\\\/agriconcept.am\\\/#\\\/schema\\\/logo\\\/image\\\/\",\"url\":\"https:\\\/\\\/i0.wp.com\\\/agriconcept.am\\\/wp-content\\\/uploads\\\/2024\\\/02\\\/Asset-1.png?fit=1653%2C440&ssl=1\",\"contentUrl\":\"https:\\\/\\\/i0.wp.com\\\/agriconcept.am\\\/wp-content\\\/uploads\\\/2024\\\/02\\\/Asset-1.png?fit=1653%2C440&ssl=1\",\"width\":1653,\"height\":440,\"caption\":\"Agriconcept\"},\"image\":{\"@id\":\"https:\\\/\\\/agriconcept.am\\\/#\\\/schema\\\/logo\\\/image\\\/\"}}]}<\/script>\n<!-- \/ Yoast SEO plugin. -->","yoast_head_json":{"title":"Pasteurizer PH 100 EZ - Agriconcept","robots":{"index":"index","follow":"follow","max-snippet":"max-snippet:-1","max-image-preview":"max-image-preview:large","max-video-preview":"max-video-preview:-1"},"canonical":"https:\/\/agriconcept.am\/am\/product\/pasteurizer-ph-100-ez\/","og_locale":"en_US","og_type":"article","og_title":"Pasteurizer PH 100 EZ - Agriconcept","og_description":"Capacity: 100 L  All-in-one unit: milk pasteurizer, cheese vat, milk cooler, and fermenter  Pasteurization temperature: up to 100\u00b0C  Cooling temperature: down to 4\u00b0C  Material: stainless steel (AISI 304\/316)  Heating via built-in heating elements  Milk outlet with DN65 valve  Main screw agitator  Curd cutting system  Scraper agitator  Cooling \u0430\u0433\u0440\u0435\u0433ate with air-cooled condenser  Heating element power: 10 kW  Power supply: 400V, 3N, 50Hz, 10.5 kW  Water circulation pump for heating or cooling water circulation  Sloped design for efficient drainage  Mounted on wheels  Dimensions (L \u00d7 W \u00d7 H): 840 \u00d7 780 \u00d7 1190 mm; height from floor to outlet: 750 mm  Control panel with touchscreen and MC 500 processor for automatic heating and cooling control; 5-inch touchscreen (resolution: 480 \u00d7 272)  Cheese grid 900 \u00d7 175 mm  Manufactured by PLEVNIK, Slovenia","og_url":"https:\/\/agriconcept.am\/am\/product\/pasteurizer-ph-100-ez\/","og_site_name":"Agriconcept","article_modified_time":"2026-04-08T09:01:50+00:00","og_image":[{"width":720,"height":720,"url":"https:\/\/agriconcept.am\/wp-content\/uploads\/2026\/04\/plevnik-2.jpg","type":"image\/jpeg"}],"twitter_card":"summary_large_image","twitter_misc":{"Est. reading time":"1 minute"},"schema":{"@context":"https:\/\/schema.org","@graph":[{"@type":"WebPage","@id":"https:\/\/agriconcept.am\/product\/pasteurizer-ph-100-ez\/","url":"https:\/\/agriconcept.am\/product\/pasteurizer-ph-100-ez\/","name":"Pasteurizer PH 100 EZ - Agriconcept","isPartOf":{"@id":"https:\/\/agriconcept.am\/#website"},"primaryImageOfPage":{"@id":"https:\/\/agriconcept.am\/product\/pasteurizer-ph-100-ez\/#primaryimage"},"image":{"@id":"https:\/\/agriconcept.am\/product\/pasteurizer-ph-100-ez\/#primaryimage"},"thumbnailUrl":"https:\/\/i0.wp.com\/agriconcept.am\/wp-content\/uploads\/2026\/04\/plevnik-2.jpg?fit=720%2C720&ssl=1","datePublished":"2026-04-06T12:13:18+00:00","dateModified":"2026-04-08T09:01:50+00:00","breadcrumb":{"@id":"https:\/\/agriconcept.am\/product\/pasteurizer-ph-100-ez\/#breadcrumb"},"inLanguage":"hy-AM","potentialAction":[{"@type":"ReadAction","target":["https:\/\/agriconcept.am\/product\/pasteurizer-ph-100-ez\/"]}]},{"@type":"ImageObject","inLanguage":"hy-AM","@id":"https:\/\/agriconcept.am\/product\/pasteurizer-ph-100-ez\/#primaryimage","url":"https:\/\/i0.wp.com\/agriconcept.am\/wp-content\/uploads\/2026\/04\/plevnik-2.jpg?fit=720%2C720&ssl=1","contentUrl":"https:\/\/i0.wp.com\/agriconcept.am\/wp-content\/uploads\/2026\/04\/plevnik-2.jpg?fit=720%2C720&ssl=1","width":720,"height":720},{"@type":"BreadcrumbList","@id":"https:\/\/agriconcept.am\/product\/pasteurizer-ph-100-ez\/#breadcrumb","itemListElement":[{"@type":"ListItem","position":1,"name":"Home","item":"https:\/\/agriconcept.am\/"},{"@type":"ListItem","position":2,"name":"Products","item":"https:\/\/agriconcept.am\/products\/"},{"@type":"ListItem","position":3,"name":"Pasteurizer PH 100 EZ"}]},{"@type":"WebSite","@id":"https:\/\/agriconcept.am\/#website","url":"https:\/\/agriconcept.am\/","name":"Agriconcept","description":"Agro Solutions","publisher":{"@id":"https:\/\/agriconcept.am\/#organization"},"potentialAction":[{"@type":"SearchAction","target":{"@type":"EntryPoint","urlTemplate":"https:\/\/agriconcept.am\/?s={search_term_string}"},"query-input":{"@type":"PropertyValueSpecification","valueRequired":true,"valueName":"search_term_string"}}],"inLanguage":"hy-AM"},{"@type":"Organization","@id":"https:\/\/agriconcept.am\/#organization","name":"Agriconcept","url":"https:\/\/agriconcept.am\/","logo":{"@type":"ImageObject","inLanguage":"hy-AM","@id":"https:\/\/agriconcept.am\/#\/schema\/logo\/image\/","url":"https:\/\/i0.wp.com\/agriconcept.am\/wp-content\/uploads\/2024\/02\/Asset-1.png?fit=1653%2C440&ssl=1","contentUrl":"https:\/\/i0.wp.com\/agriconcept.am\/wp-content\/uploads\/2024\/02\/Asset-1.png?fit=1653%2C440&ssl=1","width":1653,"height":440,"caption":"Agriconcept"},"image":{"@id":"https:\/\/agriconcept.am\/#\/schema\/logo\/image\/"}}]}},"jetpack_publicize_connections":[],"jetpack_likes_enabled":true,"jetpack_sharing_enabled":true,"_links":{"self":[{"href":"https:\/\/agriconcept.am\/am\/wp-json\/wp\/v2\/product\/3637","targetHints":{"allow":["GET"]}}],"collection":[{"href":"https:\/\/agriconcept.am\/am\/wp-json\/wp\/v2\/product"}],"about":[{"href":"https:\/\/agriconcept.am\/am\/wp-json\/wp\/v2\/types\/product"}],"wp:featuredmedia":[{"embeddable":true,"href":"https:\/\/agriconcept.am\/am\/wp-json\/wp\/v2\/media\/3638"}],"wp:attachment":[{"href":"https:\/\/agriconcept.am\/am\/wp-json\/wp\/v2\/media?parent=3637"}],"wp:term":[{"taxonomy":"product_brand","embeddable":true,"href":"https:\/\/agriconcept.am\/am\/wp-json\/wp\/v2\/product_brand?post=3637"},{"taxonomy":"product_cat","embeddable":true,"href":"https:\/\/agriconcept.am\/am\/wp-json\/wp\/v2\/product_cat?post=3637"},{"taxonomy":"product_tag","embeddable":true,"href":"https:\/\/agriconcept.am\/am\/wp-json\/wp\/v2\/product_tag?post=3637"}],"curies":[{"name":"wp","href":"https:\/\/api.w.org\/{rel}","templated":true}]}}