{"id":3633,"date":"2026-04-06T07:19:36","date_gmt":"2026-04-06T07:19:36","guid":{"rendered":"https:\/\/agriconcept.am\/?post_type=product&#038;p=3633"},"modified":"2026-04-08T09:02:07","modified_gmt":"2026-04-08T09:02:07","slug":"butter-churn-pj13","status":"publish","type":"product","link":"https:\/\/agriconcept.am\/am\/product\/butter-churn-pj13\/","title":{"rendered":"\u053f\u0561\u0580\u0561\u0563\u056b \u057a\u0561\u057f\u0580\u0561\u057d\u057f\u0574\u0561\u0576 \u057d\u0561\u0580\u0584 PJ13"},"content":{"rendered":"","protected":false},"excerpt":{"rendered":"<ul>\n<li data-start=\"51\" data-end=\"69\">\u054f\u0561\u0580\u0578\u0572\u0578\u0582\u0569\u0575\u0578\u0582\u0576\u0568\u055d 25\u056c<\/li>\n<li data-start=\"70\" data-end=\"118\">\u054d\u0561\u0580\u0584\u0568 \u0576\u0561\u056d\u0561\u057f\u0565\u057d\u057e\u0561\u056e \u0567 5\u201313 \u056c\u056b\u057f\u0580 \u057d\u0565\u0580\u0578\u0582\u0581\u0584\u056b \u0574\u0577\u0561\u056f\u0574\u0561\u0576 \u0570\u0561\u0574\u0561\u0580<\/li>\n<li data-start=\"119\" data-end=\"159\">\u0546\u0575\u0578\u0582\u0569\u0568\u055d \u0579\u056a\u0561\u0576\u0563\u0578\u057f\u057e\u0578\u0572 \u057a\u0578\u0572\u057a\u0561\u057f (AISI 304)<\/li>\n<li data-start=\"160\" data-end=\"219\">\u0544\u056b\u0561\u0581\u0578\u0582\u0574\u0576\u0565\u0580\u055d \u0561\u0580\u057f\u0561\u0570\u0578\u057d\u0584\u056b \u0583\u0561\u056f\u0561\u0576 (1\/2''), \u056c\u057e\u0561\u0581\u0574\u0561\u0576 \u0583\u0561\u056f\u0561\u0576 (1\/2'')<\/li>\n<li data-start=\"220\" data-end=\"322\">\u0540\u0561\u0576\u057e\u0578\u0572 \u056f\u0561\u0583\u0561\u0580\u056b\u0579\u055d \u0570\u0565\u0580\u0574\u0565\u057f\u056b\u056f \u0583\u0561\u056f\u0574\u0561\u0574\u0562 (\u057a\u0561\u057f\u0580\u0561\u057d\u057f\u057e\u0561\u056e \u0569\u0561\u0583\u0561\u0576\u0581\u056b\u056f \u0585\u0580\u0563\u0561\u0576\u0561\u056f\u0561\u0576 \u0561\u057a\u0561\u056f\u0578\u0582\u0581\u055d \u0563\u0578\u0580\u056e\u0568\u0576\u0569\u0561\u0581\u056b \u0561\u057e\u0565\u056c\u056b \u056c\u0561\u057e \u057e\u0565\u0580\u0561\u0570\u057d\u056f\u0574\u0561\u0576 \u0570\u0561\u0574\u0561\u0580)<\/li>\n<li data-start=\"323\" data-end=\"386\">\u0531\u0576\u057e\u057f\u0561\u0576\u0563\u0578\u0582\u0569\u0575\u0561\u0576 \u057d\u0565\u0576\u057d\u0578\u0580\u055d \u057d\u0561\u0580\u0584\u056b \u0561\u0577\u056d\u0561\u057f\u0561\u0576\u0584\u056b \u0561\u057e\u057f\u0578\u0574\u0561\u057f \u0564\u0561\u0564\u0561\u0580\u0565\u0581\u0574\u0561\u0576 \u0570\u0561\u0574\u0561\u0580 \u056f\u0561\u0583\u0561\u0580\u056b\u0579\u056b \u0562\u0561\u0581\u0574\u0561\u0576 \u0564\u0565\u057a\u0584\u0578\u0582\u0574<\/li>\n<li data-start=\"387\" data-end=\"406\">\u053f\u0561\u0580\u0563\u0561\u057e\u0578\u0580\u057e\u0578\u0572 \u0578\u057f\u0584\u0565\u0580\u056b \u057e\u0580\u0561<\/li>\n<li data-start=\"407\" data-end=\"435\">\u0540\u0561\u0576\u057e\u0578\u0572 \u056d\u0561\u057c\u0576\u056b\u0579 \u0569\u056b\u0561\u056f\u0576\u0565\u0580\u0578\u057e<\/li>\n<li data-start=\"436\" data-end=\"491\">\u0531\u0580\u057f\u0561\u0584\u056b\u0576 \u0579\u0561\u0583\u057d\u0565\u0568 (\u0535\u00d7\u053c\u00d7\u0532)\u055d 630\u00d7600\u00d7420 \u0574\u0574<\/li>\n<li data-start=\"492\" data-end=\"541\">\u0537\u056c\u0565\u056f\u057f\u0580\u0561\u056f\u0561\u0576 \u0574\u056b\u0561\u0581\u0578\u0582\u0574 220V 1N 50Hz, 0.5 \u056f\u054e\u057f<\/li>\n<li data-start=\"542\" data-end=\"580\">\u053d\u0561\u057c\u0576\u056b\u0579\u056b \u0561\u0580\u0561\u0563\u0578\u0582\u0569\u0575\u0561\u0576 \u056f\u0561\u0580\u0563\u0561\u057e\u0578\u0580\u0578\u0582\u0574\u055d 60\u2013150 \u057a\u057f\/\u0580\u0578\u057a\u0565<\/li>\n<li data-start=\"581\" data-end=\"618\">\u0531\u0580\u057f\u0561\u0564\u0580\u057e\u0561\u056e \u0567 PLEVNIK, \u054d\u056c\u0578\u057e\u0565\u0576\u056b\u0561<\/li>\n<\/ul>","protected":false},"featured_media":3636,"template":"","meta":{"jetpack_publicize_message":"","jetpack_publicize_feature_enabled":true,"jetpack_social_post_already_shared":true,"jetpack_social_options":{"image_generator_settings":{"template":"highway","default_image_id":0,"font":"","enabled":false},"version":2},"_wpas_customize_per_network":false},"product_brand":[139],"product_cat":[40,31,66],"product_tag":[],"class_list":{"0":"post-3633","1":"product","2":"type-product","3":"status-publish","4":"has-post-thumbnail","6":"product_brand-plevnik","7":"product_cat-milk-equipment","8":"product_cat-milk-processing","9":"product_cat-milk-processing-equipment","11":"first","12":"instock","13":"shipping-taxable","14":"product-type-simple"},"yoast_head":"<!-- This site is optimized with the Yoast SEO plugin v27.4 - https:\/\/yoast.com\/product\/yoast-seo-wordpress\/ -->\n<title>Butter Churn PJ13 - Agriconcept<\/title>\n<meta name=\"robots\" content=\"index, follow, max-snippet:-1, max-image-preview:large, max-video-preview:-1\" \/>\n<link rel=\"canonical\" href=\"https:\/\/agriconcept.am\/am\/product\/butter-churn-pj13\/\" \/>\n<meta property=\"og:locale\" content=\"en_US\" \/>\n<meta property=\"og:type\" content=\"article\" \/>\n<meta property=\"og:title\" content=\"Butter Churn PJ13 - Agriconcept\" \/>\n<meta property=\"og:description\" content=\"Capacity: 25 L  Designed for processing 5\u201313 liters of cream  Material: stainless steel (AISI 304)  Connections: drain valve (1\/2&#039;&#039;), washing valve (1\/2&#039;&#039;)  Removable lid with airtight sealing (made of transparent organic glass for better process control)  Safety sensor for automatic shutdown when the lid is opened  Adjustable feet  Removable mixing paddles  External dimensions (L \u00d7 W \u00d7 H): 630 \u00d7 600 \u00d7 420 mm  Electrical connection: 220V, 1N, 50Hz, 0.5 kW  Mixer speed adjustment: 60\u2013150 rpm  Manufactured by PLEVNIK, Slovenia\" \/>\n<meta property=\"og:url\" content=\"https:\/\/agriconcept.am\/am\/product\/butter-churn-pj13\/\" \/>\n<meta property=\"og:site_name\" content=\"Agriconcept\" \/>\n<meta property=\"article:modified_time\" content=\"2026-04-08T09:02:07+00:00\" \/>\n<meta property=\"og:image\" content=\"https:\/\/agriconcept.am\/wp-content\/uploads\/2026\/04\/new-plevnik.jpg\" \/>\n\t<meta property=\"og:image:width\" content=\"720\" \/>\n\t<meta property=\"og:image:height\" content=\"720\" \/>\n\t<meta property=\"og:image:type\" content=\"image\/jpeg\" \/>\n<meta name=\"twitter:card\" content=\"summary_large_image\" \/>\n<meta name=\"twitter:label1\" content=\"Est. reading time\" \/>\n\t<meta name=\"twitter:data1\" content=\"1 minute\" \/>\n<script type=\"application\/ld+json\" class=\"yoast-schema-graph\">{\"@context\":\"https:\\\/\\\/schema.org\",\"@graph\":[{\"@type\":\"WebPage\",\"@id\":\"https:\\\/\\\/agriconcept.am\\\/product\\\/butter-churn-pj13\\\/\",\"url\":\"https:\\\/\\\/agriconcept.am\\\/product\\\/butter-churn-pj13\\\/\",\"name\":\"Butter Churn PJ13 - Agriconcept\",\"isPartOf\":{\"@id\":\"https:\\\/\\\/agriconcept.am\\\/#website\"},\"primaryImageOfPage\":{\"@id\":\"https:\\\/\\\/agriconcept.am\\\/product\\\/butter-churn-pj13\\\/#primaryimage\"},\"image\":{\"@id\":\"https:\\\/\\\/agriconcept.am\\\/product\\\/butter-churn-pj13\\\/#primaryimage\"},\"thumbnailUrl\":\"https:\\\/\\\/i0.wp.com\\\/agriconcept.am\\\/wp-content\\\/uploads\\\/2026\\\/04\\\/new-plevnik.jpg?fit=720%2C720&ssl=1\",\"datePublished\":\"2026-04-06T07:19:36+00:00\",\"dateModified\":\"2026-04-08T09:02:07+00:00\",\"breadcrumb\":{\"@id\":\"https:\\\/\\\/agriconcept.am\\\/product\\\/butter-churn-pj13\\\/#breadcrumb\"},\"inLanguage\":\"hy-AM\",\"potentialAction\":[{\"@type\":\"ReadAction\",\"target\":[\"https:\\\/\\\/agriconcept.am\\\/product\\\/butter-churn-pj13\\\/\"]}]},{\"@type\":\"ImageObject\",\"inLanguage\":\"hy-AM\",\"@id\":\"https:\\\/\\\/agriconcept.am\\\/product\\\/butter-churn-pj13\\\/#primaryimage\",\"url\":\"https:\\\/\\\/i0.wp.com\\\/agriconcept.am\\\/wp-content\\\/uploads\\\/2026\\\/04\\\/new-plevnik.jpg?fit=720%2C720&ssl=1\",\"contentUrl\":\"https:\\\/\\\/i0.wp.com\\\/agriconcept.am\\\/wp-content\\\/uploads\\\/2026\\\/04\\\/new-plevnik.jpg?fit=720%2C720&ssl=1\",\"width\":720,\"height\":720},{\"@type\":\"BreadcrumbList\",\"@id\":\"https:\\\/\\\/agriconcept.am\\\/product\\\/butter-churn-pj13\\\/#breadcrumb\",\"itemListElement\":[{\"@type\":\"ListItem\",\"position\":1,\"name\":\"Home\",\"item\":\"https:\\\/\\\/agriconcept.am\\\/\"},{\"@type\":\"ListItem\",\"position\":2,\"name\":\"Products\",\"item\":\"https:\\\/\\\/agriconcept.am\\\/products\\\/\"},{\"@type\":\"ListItem\",\"position\":3,\"name\":\"Butter Churn PJ13\"}]},{\"@type\":\"WebSite\",\"@id\":\"https:\\\/\\\/agriconcept.am\\\/#website\",\"url\":\"https:\\\/\\\/agriconcept.am\\\/\",\"name\":\"Agriconcept\",\"description\":\"Agro Solutions\",\"publisher\":{\"@id\":\"https:\\\/\\\/agriconcept.am\\\/#organization\"},\"potentialAction\":[{\"@type\":\"SearchAction\",\"target\":{\"@type\":\"EntryPoint\",\"urlTemplate\":\"https:\\\/\\\/agriconcept.am\\\/?s={search_term_string}\"},\"query-input\":{\"@type\":\"PropertyValueSpecification\",\"valueRequired\":true,\"valueName\":\"search_term_string\"}}],\"inLanguage\":\"hy-AM\"},{\"@type\":\"Organization\",\"@id\":\"https:\\\/\\\/agriconcept.am\\\/#organization\",\"name\":\"Agriconcept\",\"url\":\"https:\\\/\\\/agriconcept.am\\\/\",\"logo\":{\"@type\":\"ImageObject\",\"inLanguage\":\"hy-AM\",\"@id\":\"https:\\\/\\\/agriconcept.am\\\/#\\\/schema\\\/logo\\\/image\\\/\",\"url\":\"https:\\\/\\\/i0.wp.com\\\/agriconcept.am\\\/wp-content\\\/uploads\\\/2024\\\/02\\\/Asset-1.png?fit=1653%2C440&ssl=1\",\"contentUrl\":\"https:\\\/\\\/i0.wp.com\\\/agriconcept.am\\\/wp-content\\\/uploads\\\/2024\\\/02\\\/Asset-1.png?fit=1653%2C440&ssl=1\",\"width\":1653,\"height\":440,\"caption\":\"Agriconcept\"},\"image\":{\"@id\":\"https:\\\/\\\/agriconcept.am\\\/#\\\/schema\\\/logo\\\/image\\\/\"}}]}<\/script>\n<!-- \/ Yoast SEO plugin. -->","yoast_head_json":{"title":"Butter Churn PJ13 - Agriconcept","robots":{"index":"index","follow":"follow","max-snippet":"max-snippet:-1","max-image-preview":"max-image-preview:large","max-video-preview":"max-video-preview:-1"},"canonical":"https:\/\/agriconcept.am\/am\/product\/butter-churn-pj13\/","og_locale":"en_US","og_type":"article","og_title":"Butter Churn PJ13 - Agriconcept","og_description":"Capacity: 25 L  Designed for processing 5\u201313 liters of cream  Material: stainless steel (AISI 304)  Connections: drain valve (1\/2''), washing valve (1\/2'')  Removable lid with airtight sealing (made of transparent organic glass for better process control)  Safety sensor for automatic shutdown when the lid is opened  Adjustable feet  Removable mixing paddles  External dimensions (L \u00d7 W \u00d7 H): 630 \u00d7 600 \u00d7 420 mm  Electrical connection: 220V, 1N, 50Hz, 0.5 kW  Mixer speed adjustment: 60\u2013150 rpm  Manufactured by PLEVNIK, Slovenia","og_url":"https:\/\/agriconcept.am\/am\/product\/butter-churn-pj13\/","og_site_name":"Agriconcept","article_modified_time":"2026-04-08T09:02:07+00:00","og_image":[{"width":720,"height":720,"url":"https:\/\/agriconcept.am\/wp-content\/uploads\/2026\/04\/new-plevnik.jpg","type":"image\/jpeg"}],"twitter_card":"summary_large_image","twitter_misc":{"Est. reading time":"1 minute"},"schema":{"@context":"https:\/\/schema.org","@graph":[{"@type":"WebPage","@id":"https:\/\/agriconcept.am\/product\/butter-churn-pj13\/","url":"https:\/\/agriconcept.am\/product\/butter-churn-pj13\/","name":"Butter Churn PJ13 - Agriconcept","isPartOf":{"@id":"https:\/\/agriconcept.am\/#website"},"primaryImageOfPage":{"@id":"https:\/\/agriconcept.am\/product\/butter-churn-pj13\/#primaryimage"},"image":{"@id":"https:\/\/agriconcept.am\/product\/butter-churn-pj13\/#primaryimage"},"thumbnailUrl":"https:\/\/i0.wp.com\/agriconcept.am\/wp-content\/uploads\/2026\/04\/new-plevnik.jpg?fit=720%2C720&ssl=1","datePublished":"2026-04-06T07:19:36+00:00","dateModified":"2026-04-08T09:02:07+00:00","breadcrumb":{"@id":"https:\/\/agriconcept.am\/product\/butter-churn-pj13\/#breadcrumb"},"inLanguage":"hy-AM","potentialAction":[{"@type":"ReadAction","target":["https:\/\/agriconcept.am\/product\/butter-churn-pj13\/"]}]},{"@type":"ImageObject","inLanguage":"hy-AM","@id":"https:\/\/agriconcept.am\/product\/butter-churn-pj13\/#primaryimage","url":"https:\/\/i0.wp.com\/agriconcept.am\/wp-content\/uploads\/2026\/04\/new-plevnik.jpg?fit=720%2C720&ssl=1","contentUrl":"https:\/\/i0.wp.com\/agriconcept.am\/wp-content\/uploads\/2026\/04\/new-plevnik.jpg?fit=720%2C720&ssl=1","width":720,"height":720},{"@type":"BreadcrumbList","@id":"https:\/\/agriconcept.am\/product\/butter-churn-pj13\/#breadcrumb","itemListElement":[{"@type":"ListItem","position":1,"name":"Home","item":"https:\/\/agriconcept.am\/"},{"@type":"ListItem","position":2,"name":"Products","item":"https:\/\/agriconcept.am\/products\/"},{"@type":"ListItem","position":3,"name":"Butter Churn PJ13"}]},{"@type":"WebSite","@id":"https:\/\/agriconcept.am\/#website","url":"https:\/\/agriconcept.am\/","name":"Agriconcept","description":"Agro Solutions","publisher":{"@id":"https:\/\/agriconcept.am\/#organization"},"potentialAction":[{"@type":"SearchAction","target":{"@type":"EntryPoint","urlTemplate":"https:\/\/agriconcept.am\/?s={search_term_string}"},"query-input":{"@type":"PropertyValueSpecification","valueRequired":true,"valueName":"search_term_string"}}],"inLanguage":"hy-AM"},{"@type":"Organization","@id":"https:\/\/agriconcept.am\/#organization","name":"Agriconcept","url":"https:\/\/agriconcept.am\/","logo":{"@type":"ImageObject","inLanguage":"hy-AM","@id":"https:\/\/agriconcept.am\/#\/schema\/logo\/image\/","url":"https:\/\/i0.wp.com\/agriconcept.am\/wp-content\/uploads\/2024\/02\/Asset-1.png?fit=1653%2C440&ssl=1","contentUrl":"https:\/\/i0.wp.com\/agriconcept.am\/wp-content\/uploads\/2024\/02\/Asset-1.png?fit=1653%2C440&ssl=1","width":1653,"height":440,"caption":"Agriconcept"},"image":{"@id":"https:\/\/agriconcept.am\/#\/schema\/logo\/image\/"}}]}},"jetpack_publicize_connections":[],"jetpack_likes_enabled":true,"jetpack_sharing_enabled":true,"_links":{"self":[{"href":"https:\/\/agriconcept.am\/am\/wp-json\/wp\/v2\/product\/3633","targetHints":{"allow":["GET"]}}],"collection":[{"href":"https:\/\/agriconcept.am\/am\/wp-json\/wp\/v2\/product"}],"about":[{"href":"https:\/\/agriconcept.am\/am\/wp-json\/wp\/v2\/types\/product"}],"wp:featuredmedia":[{"embeddable":true,"href":"https:\/\/agriconcept.am\/am\/wp-json\/wp\/v2\/media\/3636"}],"wp:attachment":[{"href":"https:\/\/agriconcept.am\/am\/wp-json\/wp\/v2\/media?parent=3633"}],"wp:term":[{"taxonomy":"product_brand","embeddable":true,"href":"https:\/\/agriconcept.am\/am\/wp-json\/wp\/v2\/product_brand?post=3633"},{"taxonomy":"product_cat","embeddable":true,"href":"https:\/\/agriconcept.am\/am\/wp-json\/wp\/v2\/product_cat?post=3633"},{"taxonomy":"product_tag","embeddable":true,"href":"https:\/\/agriconcept.am\/am\/wp-json\/wp\/v2\/product_tag?post=3633"}],"curies":[{"name":"wp","href":"https:\/\/api.w.org\/{rel}","templated":true}]}}