{"id":2273,"date":"2024-07-16T09:56:04","date_gmt":"2024-07-16T09:56:04","guid":{"rendered":"https:\/\/agriconcept.am\/?post_type=product&#038;p=2273"},"modified":"2025-12-16T08:25:16","modified_gmt":"2025-12-16T08:25:16","slug":"spiral-hose-cristal","status":"publish","type":"product","link":"https:\/\/agriconcept.am\/am\/product\/spiral-hose-cristal\/","title":{"rendered":"\u054d\u0576\u0576\u0564\u0561\u0575\u056b\u0576 \u0569\u0561\u0583\u0561\u0576\u0581\u056b\u056f \u056d\u0578\u0572\u0578\u057e\u0561\u056f"},"content":{"rendered":"","protected":false},"excerpt":{"rendered":"<p>\u0533\u056b\u0576\u0578\u0582 \u056f\u0561\u0574 \u0561\u0575\u056c \u057d\u0576\u0576\u0564\u0561\u0575\u056b\u0576 \u0570\u0565\u0572\u0578\u0582\u056f\u0576\u0565\u0580\u056b \u0570\u0561\u0574\u0561\u0580<\/p>\n<p>\u054b\u0565\u0580\u0574\u0561\u057d\u057f\u056b\u0573\u0561\u0576\u056b \u0574\u056b\u057b\u0561\u056f\u0561\u0575\u0584\u0568 \u055d -10 \u00b0 C + 60 \u00b0 C<\/p>\n<ul>\n<li>\u00d820, \u053f\u0578\u0564\u055d  101098<\/li>\n<li>\u00d825, \u053f\u0578\u0564\u055d  102367<\/li>\n<li>\u00d830, \u053f\u0578\u0564\u055d  102368<\/li>\n<li>\u00d850, \u053f\u0578\u0564\u055d  100075<\/li>\n<li>\u00d860, \u053f\u0578\u0564\u055d  19141<\/li>\n<\/ul>","protected":false},"featured_media":2274,"template":"","meta":{"jetpack_publicize_message":"","jetpack_publicize_feature_enabled":true,"jetpack_social_post_already_shared":true,"jetpack_social_options":{"image_generator_settings":{"template":"highway","default_image_id":0,"font":"","enabled":false},"version":2},"_wpas_customize_per_network":false},"product_brand":[],"product_cat":[38,73,61,31,42,32],"product_tag":[],"class_list":{"0":"post-2273","1":"product","2":"type-product","3":"status-publish","4":"has-post-thumbnail","6":"product_cat-cheese-making-tools","7":"product_cat-wine-production-hoses","8":"product_cat-cheese-hoses","9":"product_cat-milk-processing","10":"product_cat-wine-making-tools","11":"product_cat-wine-production","13":"first","14":"instock","15":"shipping-taxable","16":"product-type-simple"},"yoast_head":"<!-- This site is optimized with the Yoast SEO plugin v27.5 - https:\/\/yoast.com\/product\/yoast-seo-wordpress\/ -->\n<title>Spiral hose crystal - Agriconcept<\/title>\n<meta name=\"robots\" content=\"index, follow, max-snippet:-1, max-image-preview:large, max-video-preview:-1\" \/>\n<link rel=\"canonical\" href=\"https:\/\/agriconcept.am\/am\/product\/spiral-hose-cristal\/\" \/>\n<meta property=\"og:locale\" content=\"en_US\" \/>\n<meta property=\"og:type\" content=\"article\" \/>\n<meta property=\"og:title\" content=\"Spiral hose crystal - Agriconcept\" \/>\n<meta property=\"og:description\" content=\"Food-quality steel wire, PVC hose.  Temperature range: from -10\u00b0C to +60\u00b0C   \u00d820, Code: 101098  \u00d825, Code: 102367  \u00d830, Code: 102368  \u00d850, Code: 100075  \u00d860, Code:\u00a0 19141\" \/>\n<meta property=\"og:url\" content=\"https:\/\/agriconcept.am\/am\/product\/spiral-hose-cristal\/\" \/>\n<meta property=\"og:site_name\" content=\"Agriconcept\" \/>\n<meta property=\"article:modified_time\" content=\"2025-12-16T08:25:16+00:00\" \/>\n<meta property=\"og:image\" content=\"https:\/\/agriconcept.am\/wp-content\/uploads\/2024\/07\/tgreg.png\" \/>\n\t<meta property=\"og:image:width\" content=\"554\" \/>\n\t<meta property=\"og:image:height\" content=\"554\" \/>\n\t<meta property=\"og:image:type\" content=\"image\/png\" \/>\n<meta name=\"twitter:card\" content=\"summary_large_image\" \/>\n<script type=\"application\/ld+json\" class=\"yoast-schema-graph\">{\"@context\":\"https:\\\/\\\/schema.org\",\"@graph\":[{\"@type\":\"WebPage\",\"@id\":\"https:\\\/\\\/agriconcept.am\\\/product\\\/spiral-hose-cristal\\\/\",\"url\":\"https:\\\/\\\/agriconcept.am\\\/product\\\/spiral-hose-cristal\\\/\",\"name\":\"Spiral hose crystal - Agriconcept\",\"isPartOf\":{\"@id\":\"https:\\\/\\\/agriconcept.am\\\/#website\"},\"primaryImageOfPage\":{\"@id\":\"https:\\\/\\\/agriconcept.am\\\/product\\\/spiral-hose-cristal\\\/#primaryimage\"},\"image\":{\"@id\":\"https:\\\/\\\/agriconcept.am\\\/product\\\/spiral-hose-cristal\\\/#primaryimage\"},\"thumbnailUrl\":\"https:\\\/\\\/i0.wp.com\\\/agriconcept.am\\\/wp-content\\\/uploads\\\/2024\\\/07\\\/tgreg.png?fit=554%2C554&ssl=1\",\"datePublished\":\"2024-07-16T09:56:04+00:00\",\"dateModified\":\"2025-12-16T08:25:16+00:00\",\"breadcrumb\":{\"@id\":\"https:\\\/\\\/agriconcept.am\\\/product\\\/spiral-hose-cristal\\\/#breadcrumb\"},\"inLanguage\":\"hy-AM\",\"potentialAction\":[{\"@type\":\"ReadAction\",\"target\":[\"https:\\\/\\\/agriconcept.am\\\/product\\\/spiral-hose-cristal\\\/\"]}]},{\"@type\":\"ImageObject\",\"inLanguage\":\"hy-AM\",\"@id\":\"https:\\\/\\\/agriconcept.am\\\/product\\\/spiral-hose-cristal\\\/#primaryimage\",\"url\":\"https:\\\/\\\/i0.wp.com\\\/agriconcept.am\\\/wp-content\\\/uploads\\\/2024\\\/07\\\/tgreg.png?fit=554%2C554&ssl=1\",\"contentUrl\":\"https:\\\/\\\/i0.wp.com\\\/agriconcept.am\\\/wp-content\\\/uploads\\\/2024\\\/07\\\/tgreg.png?fit=554%2C554&ssl=1\",\"width\":554,\"height\":554},{\"@type\":\"BreadcrumbList\",\"@id\":\"https:\\\/\\\/agriconcept.am\\\/product\\\/spiral-hose-cristal\\\/#breadcrumb\",\"itemListElement\":[{\"@type\":\"ListItem\",\"position\":1,\"name\":\"Home\",\"item\":\"https:\\\/\\\/agriconcept.am\\\/\"},{\"@type\":\"ListItem\",\"position\":2,\"name\":\"Products\",\"item\":\"https:\\\/\\\/agriconcept.am\\\/products\\\/\"},{\"@type\":\"ListItem\",\"position\":3,\"name\":\"Spiral hose crystal\"}]},{\"@type\":\"WebSite\",\"@id\":\"https:\\\/\\\/agriconcept.am\\\/#website\",\"url\":\"https:\\\/\\\/agriconcept.am\\\/\",\"name\":\"Agriconcept\",\"description\":\"Agro Solutions\",\"publisher\":{\"@id\":\"https:\\\/\\\/agriconcept.am\\\/#organization\"},\"potentialAction\":[{\"@type\":\"SearchAction\",\"target\":{\"@type\":\"EntryPoint\",\"urlTemplate\":\"https:\\\/\\\/agriconcept.am\\\/?s={search_term_string}\"},\"query-input\":{\"@type\":\"PropertyValueSpecification\",\"valueRequired\":true,\"valueName\":\"search_term_string\"}}],\"inLanguage\":\"hy-AM\"},{\"@type\":\"Organization\",\"@id\":\"https:\\\/\\\/agriconcept.am\\\/#organization\",\"name\":\"Agriconcept\",\"url\":\"https:\\\/\\\/agriconcept.am\\\/\",\"logo\":{\"@type\":\"ImageObject\",\"inLanguage\":\"hy-AM\",\"@id\":\"https:\\\/\\\/agriconcept.am\\\/#\\\/schema\\\/logo\\\/image\\\/\",\"url\":\"https:\\\/\\\/i0.wp.com\\\/agriconcept.am\\\/wp-content\\\/uploads\\\/2024\\\/02\\\/Asset-1.png?fit=1653%2C440&ssl=1\",\"contentUrl\":\"https:\\\/\\\/i0.wp.com\\\/agriconcept.am\\\/wp-content\\\/uploads\\\/2024\\\/02\\\/Asset-1.png?fit=1653%2C440&ssl=1\",\"width\":1653,\"height\":440,\"caption\":\"Agriconcept\"},\"image\":{\"@id\":\"https:\\\/\\\/agriconcept.am\\\/#\\\/schema\\\/logo\\\/image\\\/\"}}]}<\/script>\n<!-- \/ Yoast SEO plugin. -->","yoast_head_json":{"title":"Spiral hose crystal - Agriconcept","robots":{"index":"index","follow":"follow","max-snippet":"max-snippet:-1","max-image-preview":"max-image-preview:large","max-video-preview":"max-video-preview:-1"},"canonical":"https:\/\/agriconcept.am\/am\/product\/spiral-hose-cristal\/","og_locale":"en_US","og_type":"article","og_title":"Spiral hose crystal - Agriconcept","og_description":"Food-quality steel wire, PVC hose.  Temperature range: from -10\u00b0C to +60\u00b0C   \u00d820, Code: 101098  \u00d825, Code: 102367  \u00d830, Code: 102368  \u00d850, Code: 100075  \u00d860, Code:\u00a0 19141","og_url":"https:\/\/agriconcept.am\/am\/product\/spiral-hose-cristal\/","og_site_name":"Agriconcept","article_modified_time":"2025-12-16T08:25:16+00:00","og_image":[{"width":554,"height":554,"url":"https:\/\/agriconcept.am\/wp-content\/uploads\/2024\/07\/tgreg.png","type":"image\/png"}],"twitter_card":"summary_large_image","schema":{"@context":"https:\/\/schema.org","@graph":[{"@type":"WebPage","@id":"https:\/\/agriconcept.am\/product\/spiral-hose-cristal\/","url":"https:\/\/agriconcept.am\/product\/spiral-hose-cristal\/","name":"Spiral hose crystal - Agriconcept","isPartOf":{"@id":"https:\/\/agriconcept.am\/#website"},"primaryImageOfPage":{"@id":"https:\/\/agriconcept.am\/product\/spiral-hose-cristal\/#primaryimage"},"image":{"@id":"https:\/\/agriconcept.am\/product\/spiral-hose-cristal\/#primaryimage"},"thumbnailUrl":"https:\/\/i0.wp.com\/agriconcept.am\/wp-content\/uploads\/2024\/07\/tgreg.png?fit=554%2C554&ssl=1","datePublished":"2024-07-16T09:56:04+00:00","dateModified":"2025-12-16T08:25:16+00:00","breadcrumb":{"@id":"https:\/\/agriconcept.am\/product\/spiral-hose-cristal\/#breadcrumb"},"inLanguage":"hy-AM","potentialAction":[{"@type":"ReadAction","target":["https:\/\/agriconcept.am\/product\/spiral-hose-cristal\/"]}]},{"@type":"ImageObject","inLanguage":"hy-AM","@id":"https:\/\/agriconcept.am\/product\/spiral-hose-cristal\/#primaryimage","url":"https:\/\/i0.wp.com\/agriconcept.am\/wp-content\/uploads\/2024\/07\/tgreg.png?fit=554%2C554&ssl=1","contentUrl":"https:\/\/i0.wp.com\/agriconcept.am\/wp-content\/uploads\/2024\/07\/tgreg.png?fit=554%2C554&ssl=1","width":554,"height":554},{"@type":"BreadcrumbList","@id":"https:\/\/agriconcept.am\/product\/spiral-hose-cristal\/#breadcrumb","itemListElement":[{"@type":"ListItem","position":1,"name":"Home","item":"https:\/\/agriconcept.am\/"},{"@type":"ListItem","position":2,"name":"Products","item":"https:\/\/agriconcept.am\/products\/"},{"@type":"ListItem","position":3,"name":"Spiral hose crystal"}]},{"@type":"WebSite","@id":"https:\/\/agriconcept.am\/#website","url":"https:\/\/agriconcept.am\/","name":"Agriconcept","description":"Agro Solutions","publisher":{"@id":"https:\/\/agriconcept.am\/#organization"},"potentialAction":[{"@type":"SearchAction","target":{"@type":"EntryPoint","urlTemplate":"https:\/\/agriconcept.am\/?s={search_term_string}"},"query-input":{"@type":"PropertyValueSpecification","valueRequired":true,"valueName":"search_term_string"}}],"inLanguage":"hy-AM"},{"@type":"Organization","@id":"https:\/\/agriconcept.am\/#organization","name":"Agriconcept","url":"https:\/\/agriconcept.am\/","logo":{"@type":"ImageObject","inLanguage":"hy-AM","@id":"https:\/\/agriconcept.am\/#\/schema\/logo\/image\/","url":"https:\/\/i0.wp.com\/agriconcept.am\/wp-content\/uploads\/2024\/02\/Asset-1.png?fit=1653%2C440&ssl=1","contentUrl":"https:\/\/i0.wp.com\/agriconcept.am\/wp-content\/uploads\/2024\/02\/Asset-1.png?fit=1653%2C440&ssl=1","width":1653,"height":440,"caption":"Agriconcept"},"image":{"@id":"https:\/\/agriconcept.am\/#\/schema\/logo\/image\/"}}]}},"jetpack_publicize_connections":[],"jetpack_likes_enabled":true,"jetpack_sharing_enabled":true,"_links":{"self":[{"href":"https:\/\/agriconcept.am\/am\/wp-json\/wp\/v2\/product\/2273","targetHints":{"allow":["GET"]}}],"collection":[{"href":"https:\/\/agriconcept.am\/am\/wp-json\/wp\/v2\/product"}],"about":[{"href":"https:\/\/agriconcept.am\/am\/wp-json\/wp\/v2\/types\/product"}],"wp:featuredmedia":[{"embeddable":true,"href":"https:\/\/agriconcept.am\/am\/wp-json\/wp\/v2\/media\/2274"}],"wp:attachment":[{"href":"https:\/\/agriconcept.am\/am\/wp-json\/wp\/v2\/media?parent=2273"}],"wp:term":[{"taxonomy":"product_brand","embeddable":true,"href":"https:\/\/agriconcept.am\/am\/wp-json\/wp\/v2\/product_brand?post=2273"},{"taxonomy":"product_cat","embeddable":true,"href":"https:\/\/agriconcept.am\/am\/wp-json\/wp\/v2\/product_cat?post=2273"},{"taxonomy":"product_tag","embeddable":true,"href":"https:\/\/agriconcept.am\/am\/wp-json\/wp\/v2\/product_tag?post=2273"}],"curies":[{"name":"wp","href":"https:\/\/api.w.org\/{rel}","templated":true}]}}